{"id":858,"date":"2026-04-04T16:04:19","date_gmt":"2026-04-04T14:04:19","guid":{"rendered":"https:\/\/www.weinbau-birsak.at\/page\/?post_type=product&#038;p=858"},"modified":"2026-04-04T16:07:55","modified_gmt":"2026-04-04T14:07:55","slug":"weissweincuvee-2025","status":"publish","type":"product","link":"https:\/\/www.weinbau-birsak.at\/page\/produkt\/weissweincuvee-2025\/","title":{"rendered":"Wei\u00dfweincuv\u00e9e 2025"},"content":{"rendered":"<p>Alk. 12,0 % | S\u00e4ure 5,7 \u2030 | 3,9 g \/ l Zucker\u00a0\u00a0\u00a0\u00a0\u00a0 trocken<\/p>\n<p>&nbsp;<\/p>\n<p>Hellgl\u00e4nzendes Gelb<br \/>\nFeingliedriger Nase nach Holunderbl\u00fcten, leichte Zitrusnoten, verf\u00fchrerisch duftig. Am Gaumen pr\u00e4sent mit fester Struktur, etwas Grapefruit, Apfelnoten. Bleibt lang!<\/p>\n<p>Passt gut zum gegrillten oder gebratenen Huhn oder Pute, zu Gebackenem und zum K\u00e4se.<\/p>\n<p>&nbsp;<\/p>\n<p>Durchschnittliche N\u00e4hrwertangaben pro 100 ml<\/p>\n<div class=\"nutrition-grid-details-item\">\n<div class=\"nutrition-grid-details-item-label\">Brennwert\u00a0 \u00a0291 kJ \/ 70 kcal<\/div>\n<\/div>\n<div class=\"nutrition-grid-details-item\">\n<div class=\"nutrition-grid-details-item-label\">Kohlenhydrate\u00a0\u00a0 1.19 g<\/div>\n<p>Kohlenhydrate davon Zucker\u00a0\u00a0 <span class=\"subgrid-details-item-value\">0.39 g<\/span><\/p>\n<p>Enth\u00e4lt geringf\u00fcgige Mengen von Fett, ges\u00e4ttigten Fetts\u00e4ure, Eiwei\u00df und Salz<\/p>\n<p><strong>Zutaten<\/strong>:\u00a0 BIO Trauben,\u00a0 BIO Zucker,\u00a0 BIO konzentrierter Traubenmost,\u00a0 Kohlendioxid<\/p>\n<p><strong>Stabilatoren:\u00a0 <\/strong>Metaweins\u00e4ure<\/p>\n<p><strong>Antioxidantien:<\/strong>\u00a0 Kaliummetabi<strong>sulfit<\/strong><\/p>\n<p>unter Schutzatmosph\u00e4re verpackt<\/p>\n<\/div>\n<p>&nbsp;<\/p>\n","protected":false},"excerpt":{"rendered":"<p>Alk. 12,0 % | S\u00e4ure 5,7 \u2030 | 3,9 g \/ l Zucker\u00a0\u00a0\u00a0\u00a0\u00a0 trocken &nbsp; Hellgl\u00e4nzendes Gelb Feingliedriger Nase nach Holunderbl\u00fcten, leichte Zitrusnoten, verf\u00fchrerisch duftig. Am Gaumen pr\u00e4sent mit fester Struktur, etwas Grapefruit, Apfelnoten. Bleibt lang! Passt gut zum gegrillten oder gebratenen Huhn oder Pute, zu Gebackenem und zum K\u00e4se. &nbsp; Durchschnittliche N\u00e4hrwertangaben pro 100 [&hellip;]<\/p>\n","protected":false},"featured_media":0,"template":"","meta":{"_uag_custom_page_level_css":"","site-sidebar-layout":"default","site-content-layout":"","ast-site-content-layout":"default","site-content-style":"default","site-sidebar-style":"default","ast-global-header-display":"","ast-banner-title-visibility":"","ast-main-header-display":"","ast-hfb-above-header-display":"","ast-hfb-below-header-display":"","ast-hfb-mobile-header-display":"","site-post-title":"","ast-breadcrumbs-content":"","ast-featured-img":"","footer-sml-layout":"","ast-disable-related-posts":"","theme-transparent-header-meta":"default","adv-header-id-meta":"","stick-header-meta":"","header-above-stick-meta":"","header-main-stick-meta":"","header-below-stick-meta":"","astra-migrate-meta-layouts":"set","ast-page-background-enabled":"default","ast-page-background-meta":{"desktop":{"background-color":"var(--ast-global-color-4)","background-image":"","background-repeat":"repeat","background-position":"center center","background-size":"auto","background-attachment":"scroll","background-type":"","background-media":"","overlay-type":"","overlay-color":"","overlay-opacity":"","overlay-gradient":""},"tablet":{"background-color":"","background-image":"","background-repeat":"repeat","background-position":"center center","background-size":"auto","background-attachment":"scroll","background-type":"","background-media":"","overlay-type":"","overlay-color":"","overlay-opacity":"","overlay-gradient":""},"mobile":{"background-color":"","background-image":"","background-repeat":"repeat","background-position":"center center","background-size":"auto","background-attachment":"scroll","background-type":"","background-media":"","overlay-type":"","overlay-color":"","overlay-opacity":"","overlay-gradient":""}},"ast-content-background-meta":{"desktop":{"background-color":"var(--ast-global-color-5)","background-image":"","background-repeat":"repeat","background-position":"center center","background-size":"auto","background-attachment":"scroll","background-type":"","background-media":"","overlay-type":"","overlay-color":"","overlay-opacity":"","overlay-gradient":""},"tablet":{"background-color":"var(--ast-global-color-5)","background-image":"","background-repeat":"repeat","background-position":"center center","background-size":"auto","background-attachment":"scroll","background-type":"","background-media":"","overlay-type":"","overlay-color":"","overlay-opacity":"","overlay-gradient":""},"mobile":{"background-color":"var(--ast-global-color-5)","background-image":"","background-repeat":"repeat","background-position":"center center","background-size":"auto","background-attachment":"scroll","background-type":"","background-media":"","overlay-type":"","overlay-color":"","overlay-opacity":"","overlay-gradient":""}}},"product_brand":[],"product_cat":[76],"product_tag":[],"class_list":{"0":"post-858","1":"product","2":"type-product","3":"status-publish","5":"product_cat-weine-075-liter-2025","6":"desktop-align-center","7":"tablet-align-left","8":"mobile-align-left","10":"first","11":"instock","12":"taxable","13":"shipping-taxable","14":"purchasable","15":"product-type-simple"},"aioseo_notices":[],"uagb_featured_image_src":{"full":false,"thumbnail":false,"medium":false,"medium_large":false,"large":false,"1536x1536":false,"2048x2048":false,"woocommerce_thumbnail":false,"woocommerce_single":false,"woocommerce_gallery_thumbnail":false},"uagb_author_info":{"display_name":"admin","author_link":"https:\/\/www.weinbau-birsak.at\/page\/author\/"},"uagb_comment_info":0,"uagb_excerpt":"Alk. 12,0 % | S\u00e4ure 5,7 \u2030 | 3,9 g \/ l Zucker\u00a0\u00a0\u00a0\u00a0\u00a0 trocken &nbsp; Hellgl\u00e4nzendes Gelb Feingliedriger Nase nach Holunderbl\u00fcten, leichte Zitrusnoten, verf\u00fchrerisch duftig. Am Gaumen pr\u00e4sent mit fester Struktur, etwas Grapefruit, Apfelnoten. Bleibt lang! Passt gut zum gegrillten oder gebratenen Huhn oder Pute, zu Gebackenem und zum K\u00e4se. &nbsp; Durchschnittliche N\u00e4hrwertangaben pro 100&hellip;","_links":{"self":[{"href":"https:\/\/www.weinbau-birsak.at\/page\/wp-json\/wp\/v2\/product\/858","targetHints":{"allow":["GET"]}}],"collection":[{"href":"https:\/\/www.weinbau-birsak.at\/page\/wp-json\/wp\/v2\/product"}],"about":[{"href":"https:\/\/www.weinbau-birsak.at\/page\/wp-json\/wp\/v2\/types\/product"}],"wp:attachment":[{"href":"https:\/\/www.weinbau-birsak.at\/page\/wp-json\/wp\/v2\/media?parent=858"}],"wp:term":[{"taxonomy":"product_brand","embeddable":true,"href":"https:\/\/www.weinbau-birsak.at\/page\/wp-json\/wp\/v2\/product_brand?post=858"},{"taxonomy":"product_cat","embeddable":true,"href":"https:\/\/www.weinbau-birsak.at\/page\/wp-json\/wp\/v2\/product_cat?post=858"},{"taxonomy":"product_tag","embeddable":true,"href":"https:\/\/www.weinbau-birsak.at\/page\/wp-json\/wp\/v2\/product_tag?post=858"}],"curies":[{"name":"wp","href":"https:\/\/api.w.org\/{rel}","templated":true}]}}