{"id":843,"date":"2026-03-01T11:41:50","date_gmt":"2026-03-01T10:41:50","guid":{"rendered":"https:\/\/www.weinbau-birsak.at\/page\/?post_type=product&#038;p=843"},"modified":"2026-04-04T15:52:15","modified_gmt":"2026-04-04T13:52:15","slug":"bio-weinviertel-dac-klassik-2025-gruener-veltliner","status":"publish","type":"product","link":"https:\/\/www.weinbau-birsak.at\/page\/produkt\/bio-weinviertel-dac-klassik-2025-gruener-veltliner\/","title":{"rendered":"BIO Weinviertel DAC Klassik 2025 Gr\u00fcner Veltliner"},"content":{"rendered":"<p>Alk. 12,0 % | S\u00e4ure 5,6 \u2030 | 1,0 g \/ l Zucker \u00a0 \u00a0\u00a0 trocken<\/p>\n<p>&nbsp;<\/p>\n<p>Helles Gr\u00fcngelb.<br \/>\nIn der Nase Kr\u00e4uter, knackiger Apfel, nach und nach Heublumen. Am Gaumen saftig, kr\u00e4utrig, sch\u00f6ner Zug, feines Pfefferl. Bleibt herrlich erfrischend.<\/p>\n<p>Perfekt zur deftigen Jause, zum Schweinsbraten oder zum Brathendl.<\/p>\n<p>&nbsp;<\/p>\n<p>Durchschnittliche N\u00e4hrwertangaben pro 100 ml<\/p>\n<div class=\"nutrition-grid-details-item\">\n<div class=\"nutrition-grid-details-item-label\">Brennwert\u00a0\u00a0 294 kJ \/ 70 kcal<\/div>\n<\/div>\n<div class=\"nutrition-grid-details-item\">\n<div class=\"nutrition-grid-details-item-label\">Kohlenhydrate\u00a0\u00a0 0,9 g<\/div>\n<p>Kohlenhydrate davon Zucker\u00a0\u00a0 <span class=\"subgrid-details-item-value\">0.10 g<\/span><\/p>\n<p>Enth\u00e4lt geringf\u00fcgige Mengen von Fett, ges\u00e4ttigten Fetts\u00e4ure, Eiwei\u00df und Salz<\/p>\n<p><strong>Zutaten<\/strong>:\u00a0 BIO Trauben, BIO Zucker,\u00a0 Kohlendioxid<\/p>\n<p><strong>Stabilatoren:\u00a0 <\/strong>Metaweins\u00e4ure<\/p>\n<p><strong>Antioxidantien:<\/strong>\u00a0 Kaliummetabi<strong>sulfit<\/strong><\/p>\n<p>unter Schutzatmosph\u00e4re verpackt<\/p>\n<\/div>\n","protected":false},"excerpt":{"rendered":"<p>Alk. 12,0 % | S\u00e4ure 5,6 \u2030 | 1,0 g \/ l Zucker \u00a0 \u00a0\u00a0 trocken &nbsp; Helles Gr\u00fcngelb. In der Nase Kr\u00e4uter, knackiger Apfel, nach und nach Heublumen. Am Gaumen saftig, kr\u00e4utrig, sch\u00f6ner Zug, feines Pfefferl. Bleibt herrlich erfrischend. Perfekt zur deftigen Jause, zum Schweinsbraten oder zum Brathendl. &nbsp; Durchschnittliche N\u00e4hrwertangaben pro 100 ml [&hellip;]<\/p>\n","protected":false},"featured_media":670,"template":"","meta":{"_uag_custom_page_level_css":"","site-sidebar-layout":"default","site-content-layout":"","ast-site-content-layout":"default","site-content-style":"default","site-sidebar-style":"default","ast-global-header-display":"","ast-banner-title-visibility":"","ast-main-header-display":"","ast-hfb-above-header-display":"","ast-hfb-below-header-display":"","ast-hfb-mobile-header-display":"","site-post-title":"","ast-breadcrumbs-content":"","ast-featured-img":"","footer-sml-layout":"","ast-disable-related-posts":"","theme-transparent-header-meta":"default","adv-header-id-meta":"","stick-header-meta":"","header-above-stick-meta":"","header-main-stick-meta":"","header-below-stick-meta":"","astra-migrate-meta-layouts":"set","ast-page-background-enabled":"default","ast-page-background-meta":{"desktop":{"background-color":"var(--ast-global-color-4)","background-image":"","background-repeat":"repeat","background-position":"center center","background-size":"auto","background-attachment":"scroll","background-type":"","background-media":"","overlay-type":"","overlay-color":"","overlay-opacity":"","overlay-gradient":""},"tablet":{"background-color":"","background-image":"","background-repeat":"repeat","background-position":"center center","background-size":"auto","background-attachment":"scroll","background-type":"","background-media":"","overlay-type":"","overlay-color":"","overlay-opacity":"","overlay-gradient":""},"mobile":{"background-color":"","background-image":"","background-repeat":"repeat","background-position":"center center","background-size":"auto","background-attachment":"scroll","background-type":"","background-media":"","overlay-type":"","overlay-color":"","overlay-opacity":"","overlay-gradient":""}},"ast-content-background-meta":{"desktop":{"background-color":"var(--ast-global-color-5)","background-image":"","background-repeat":"repeat","background-position":"center center","background-size":"auto","background-attachment":"scroll","background-type":"","background-media":"","overlay-type":"","overlay-color":"","overlay-opacity":"","overlay-gradient":""},"tablet":{"background-color":"var(--ast-global-color-5)","background-image":"","background-repeat":"repeat","background-position":"center center","background-size":"auto","background-attachment":"scroll","background-type":"","background-media":"","overlay-type":"","overlay-color":"","overlay-opacity":"","overlay-gradient":""},"mobile":{"background-color":"var(--ast-global-color-5)","background-image":"","background-repeat":"repeat","background-position":"center center","background-size":"auto","background-attachment":"scroll","background-type":"","background-media":"","overlay-type":"","overlay-color":"","overlay-opacity":"","overlay-gradient":""}}},"product_brand":[],"product_cat":[76],"product_tag":[],"class_list":{"0":"post-843","1":"product","2":"type-product","3":"status-publish","4":"has-post-thumbnail","6":"product_cat-weine-075-liter-2025","7":"desktop-align-center","8":"tablet-align-left","9":"mobile-align-left","11":"first","12":"instock","13":"taxable","14":"shipping-taxable","15":"purchasable","16":"product-type-simple"},"aioseo_notices":[],"uagb_featured_image_src":{"full":["https:\/\/www.weinbau-birsak.at\/page\/wp-content\/uploads\/2024\/03\/2-Klassik-1.jpg",1000,1000,false],"thumbnail":["https:\/\/www.weinbau-birsak.at\/page\/wp-content\/uploads\/2024\/03\/2-Klassik-1-150x150.jpg",150,150,true],"medium":["https:\/\/www.weinbau-birsak.at\/page\/wp-content\/uploads\/2024\/03\/2-Klassik-1-300x300.jpg",300,300,true],"medium_large":["https:\/\/www.weinbau-birsak.at\/page\/wp-content\/uploads\/2024\/03\/2-Klassik-1-768x768.jpg",768,768,true],"large":["https:\/\/www.weinbau-birsak.at\/page\/wp-content\/uploads\/2024\/03\/2-Klassik-1.jpg",1000,1000,false],"1536x1536":["https:\/\/www.weinbau-birsak.at\/page\/wp-content\/uploads\/2024\/03\/2-Klassik-1.jpg",1000,1000,false],"2048x2048":["https:\/\/www.weinbau-birsak.at\/page\/wp-content\/uploads\/2024\/03\/2-Klassik-1.jpg",1000,1000,false],"woocommerce_thumbnail":["https:\/\/www.weinbau-birsak.at\/page\/wp-content\/uploads\/2024\/03\/2-Klassik-1-300x300.jpg",300,300,true],"woocommerce_single":["https:\/\/www.weinbau-birsak.at\/page\/wp-content\/uploads\/2024\/03\/2-Klassik-1-600x600.jpg",600,600,true],"woocommerce_gallery_thumbnail":["https:\/\/www.weinbau-birsak.at\/page\/wp-content\/uploads\/2024\/03\/2-Klassik-1-100x100.jpg",100,100,true]},"uagb_author_info":{"display_name":"admin","author_link":"https:\/\/www.weinbau-birsak.at\/page\/author\/"},"uagb_comment_info":0,"uagb_excerpt":"Alk. 12,0 % | S\u00e4ure 5,6 \u2030 | 1,0 g \/ l Zucker \u00a0 \u00a0\u00a0 trocken &nbsp; Helles Gr\u00fcngelb. In der Nase Kr\u00e4uter, knackiger Apfel, nach und nach Heublumen. Am Gaumen saftig, kr\u00e4utrig, sch\u00f6ner Zug, feines Pfefferl. Bleibt herrlich erfrischend. Perfekt zur deftigen Jause, zum Schweinsbraten oder zum Brathendl. &nbsp; Durchschnittliche N\u00e4hrwertangaben pro 100 ml&hellip;","_links":{"self":[{"href":"https:\/\/www.weinbau-birsak.at\/page\/wp-json\/wp\/v2\/product\/843","targetHints":{"allow":["GET"]}}],"collection":[{"href":"https:\/\/www.weinbau-birsak.at\/page\/wp-json\/wp\/v2\/product"}],"about":[{"href":"https:\/\/www.weinbau-birsak.at\/page\/wp-json\/wp\/v2\/types\/product"}],"wp:featuredmedia":[{"embeddable":true,"href":"https:\/\/www.weinbau-birsak.at\/page\/wp-json\/wp\/v2\/media\/670"}],"wp:attachment":[{"href":"https:\/\/www.weinbau-birsak.at\/page\/wp-json\/wp\/v2\/media?parent=843"}],"wp:term":[{"taxonomy":"product_brand","embeddable":true,"href":"https:\/\/www.weinbau-birsak.at\/page\/wp-json\/wp\/v2\/product_brand?post=843"},{"taxonomy":"product_cat","embeddable":true,"href":"https:\/\/www.weinbau-birsak.at\/page\/wp-json\/wp\/v2\/product_cat?post=843"},{"taxonomy":"product_tag","embeddable":true,"href":"https:\/\/www.weinbau-birsak.at\/page\/wp-json\/wp\/v2\/product_tag?post=843"}],"curies":[{"name":"wp","href":"https:\/\/api.w.org\/{rel}","templated":true}]}}