{"id":757,"date":"2025-02-18T09:07:49","date_gmt":"2025-02-18T08:07:49","guid":{"rendered":"https:\/\/www.weinbau-birsak.at\/page\/?post_type=product&#038;p=757"},"modified":"2025-03-08T16:49:17","modified_gmt":"2025-03-08T15:49:17","slug":"suesses-paket","status":"publish","type":"product","link":"https:\/\/www.weinbau-birsak.at\/page\/produkt\/suesses-paket\/","title":{"rendered":"S\u00fc\u00dfes Paket"},"content":{"rendered":"<p>F\u00fcr alle, die es gerne s\u00fc\u00df m\u00f6gen, haben wir ein spezielles Angebot. Die Stefanielese, ein Dessertwein aus Gr\u00fcnem Veltliner, handverlesen am 26. Dezember also am Stefanietag, daher der Name. Erg\u00e4nzt wird das S\u00fc\u00dfe Paket durch einen Wei\u00dfwein- und einen Rotweinlik\u00f6r.<\/p>\n<p>Das <strong>S\u00fc\u00dfe Paket<\/strong> besteht aus folgenden Weinen:<\/p>\n<p>1 x 2023 | Stefanielese\u00a0 | s\u00fc\u00df | Alk. 9,0 % | S\u00e4ure 6,0 \u2030 | 134 g \/ l Zucker<\/p>\n<p>1 x 2024 | Wei\u00dfweinlik\u00f6r | s\u00fc\u00df | Alk. 22,0 % | S\u00e4ure 3,1 \u2030 | 399 g \/ l Zucker<\/p>\n<p>1 x 2024 | Rotweinlik\u00f6r | s\u00fc\u00df | Alk. 22,0 % | S\u00e4ure 2,3 \u2030 | 388 g \/ l Zucker<\/p>\n<p>&nbsp;<\/p>\n","protected":false},"excerpt":{"rendered":"<p>F\u00fcr alle, die es gerne s\u00fc\u00df m\u00f6gen, haben wir ein spezielles Angebot. Die Stefanielese, ein Dessertwein aus Gr\u00fcnem Veltliner, handverlesen am 26. Dezember also am Stefanietag, daher der Name. Erg\u00e4nzt wird das S\u00fc\u00dfe Paket durch einen Wei\u00dfwein- und einen Rotweinlik\u00f6r. Das S\u00fc\u00dfe Paket besteht aus folgenden Weinen: 1 x 2023 | Stefanielese\u00a0 | s\u00fc\u00df | [&hellip;]<\/p>\n","protected":false},"featured_media":747,"template":"","meta":{"_uag_custom_page_level_css":"","site-sidebar-layout":"default","site-content-layout":"","ast-site-content-layout":"default","site-content-style":"default","site-sidebar-style":"default","ast-global-header-display":"","ast-banner-title-visibility":"","ast-main-header-display":"","ast-hfb-above-header-display":"","ast-hfb-below-header-display":"","ast-hfb-mobile-header-display":"","site-post-title":"","ast-breadcrumbs-content":"","ast-featured-img":"","footer-sml-layout":"","ast-disable-related-posts":"","theme-transparent-header-meta":"default","adv-header-id-meta":"","stick-header-meta":"","header-above-stick-meta":"","header-main-stick-meta":"","header-below-stick-meta":"","astra-migrate-meta-layouts":"set","ast-page-background-enabled":"default","ast-page-background-meta":{"desktop":{"background-color":"var(--ast-global-color-4)","background-image":"","background-repeat":"repeat","background-position":"center center","background-size":"auto","background-attachment":"scroll","background-type":"","background-media":"","overlay-type":"","overlay-color":"","overlay-opacity":"","overlay-gradient":""},"tablet":{"background-color":"","background-image":"","background-repeat":"repeat","background-position":"center center","background-size":"auto","background-attachment":"scroll","background-type":"","background-media":"","overlay-type":"","overlay-color":"","overlay-opacity":"","overlay-gradient":""},"mobile":{"background-color":"","background-image":"","background-repeat":"repeat","background-position":"center center","background-size":"auto","background-attachment":"scroll","background-type":"","background-media":"","overlay-type":"","overlay-color":"","overlay-opacity":"","overlay-gradient":""}},"ast-content-background-meta":{"desktop":{"background-color":"var(--ast-global-color-5)","background-image":"","background-repeat":"repeat","background-position":"center center","background-size":"auto","background-attachment":"scroll","background-type":"","background-media":"","overlay-type":"","overlay-color":"","overlay-opacity":"","overlay-gradient":""},"tablet":{"background-color":"var(--ast-global-color-5)","background-image":"","background-repeat":"repeat","background-position":"center center","background-size":"auto","background-attachment":"scroll","background-type":"","background-media":"","overlay-type":"","overlay-color":"","overlay-opacity":"","overlay-gradient":""},"mobile":{"background-color":"var(--ast-global-color-5)","background-image":"","background-repeat":"repeat","background-position":"center center","background-size":"auto","background-attachment":"scroll","background-type":"","background-media":"","overlay-type":"","overlay-color":"","overlay-opacity":"","overlay-gradient":""}}},"product_brand":[],"product_cat":[75],"product_tag":[],"class_list":{"0":"post-757","1":"product","2":"type-product","3":"status-publish","4":"has-post-thumbnail","6":"product_cat-pakete","7":"desktop-align-center","8":"tablet-align-left","9":"mobile-align-left","11":"first","12":"instock","13":"sale","14":"taxable","15":"shipping-taxable","16":"purchasable","17":"product-type-simple"},"aioseo_notices":[],"uagb_featured_image_src":{"full":["https:\/\/www.weinbau-birsak.at\/page\/wp-content\/uploads\/2025\/02\/IMG_6236-scaled.jpeg",2560,1920,false],"thumbnail":["https:\/\/www.weinbau-birsak.at\/page\/wp-content\/uploads\/2025\/02\/IMG_6236-150x150.jpeg",150,150,true],"medium":["https:\/\/www.weinbau-birsak.at\/page\/wp-content\/uploads\/2025\/02\/IMG_6236-300x225.jpeg",300,225,true],"medium_large":["https:\/\/www.weinbau-birsak.at\/page\/wp-content\/uploads\/2025\/02\/IMG_6236-768x576.jpeg",768,576,true],"large":["https:\/\/www.weinbau-birsak.at\/page\/wp-content\/uploads\/2025\/02\/IMG_6236-1024x768.jpeg",1024,768,true],"1536x1536":["https:\/\/www.weinbau-birsak.at\/page\/wp-content\/uploads\/2025\/02\/IMG_6236-1536x1152.jpeg",1536,1152,true],"2048x2048":["https:\/\/www.weinbau-birsak.at\/page\/wp-content\/uploads\/2025\/02\/IMG_6236-2048x1536.jpeg",2048,1536,true],"woocommerce_thumbnail":["https:\/\/www.weinbau-birsak.at\/page\/wp-content\/uploads\/2025\/02\/IMG_6236-300x300.jpeg",300,300,true],"woocommerce_single":["https:\/\/www.weinbau-birsak.at\/page\/wp-content\/uploads\/2025\/02\/IMG_6236-600x450.jpeg",600,450,true],"woocommerce_gallery_thumbnail":["https:\/\/www.weinbau-birsak.at\/page\/wp-content\/uploads\/2025\/02\/IMG_6236-100x100.jpeg",100,100,true]},"uagb_author_info":{"display_name":"admin","author_link":"https:\/\/www.weinbau-birsak.at\/page\/author\/"},"uagb_comment_info":0,"uagb_excerpt":"F\u00fcr alle, die es gerne s\u00fc\u00df m\u00f6gen, haben wir ein spezielles Angebot. Die Stefanielese, ein Dessertwein aus Gr\u00fcnem Veltliner, handverlesen am 26. Dezember also am Stefanietag, daher der Name. Erg\u00e4nzt wird das S\u00fc\u00dfe Paket durch einen Wei\u00dfwein- und einen Rotweinlik\u00f6r. Das S\u00fc\u00dfe Paket besteht aus folgenden Weinen: 1 x 2023 | Stefanielese\u00a0 | s\u00fc\u00df |&hellip;","_links":{"self":[{"href":"https:\/\/www.weinbau-birsak.at\/page\/wp-json\/wp\/v2\/product\/757","targetHints":{"allow":["GET"]}}],"collection":[{"href":"https:\/\/www.weinbau-birsak.at\/page\/wp-json\/wp\/v2\/product"}],"about":[{"href":"https:\/\/www.weinbau-birsak.at\/page\/wp-json\/wp\/v2\/types\/product"}],"wp:featuredmedia":[{"embeddable":true,"href":"https:\/\/www.weinbau-birsak.at\/page\/wp-json\/wp\/v2\/media\/747"}],"wp:attachment":[{"href":"https:\/\/www.weinbau-birsak.at\/page\/wp-json\/wp\/v2\/media?parent=757"}],"wp:term":[{"taxonomy":"product_brand","embeddable":true,"href":"https:\/\/www.weinbau-birsak.at\/page\/wp-json\/wp\/v2\/product_brand?post=757"},{"taxonomy":"product_cat","embeddable":true,"href":"https:\/\/www.weinbau-birsak.at\/page\/wp-json\/wp\/v2\/product_cat?post=757"},{"taxonomy":"product_tag","embeddable":true,"href":"https:\/\/www.weinbau-birsak.at\/page\/wp-json\/wp\/v2\/product_tag?post=757"}],"curies":[{"name":"wp","href":"https:\/\/api.w.org\/{rel}","templated":true}]}}