{"id":755,"date":"2025-02-18T08:25:47","date_gmt":"2025-02-18T07:25:47","guid":{"rendered":"https:\/\/www.weinbau-birsak.at\/page\/?post_type=product&#038;p=755"},"modified":"2025-03-08T17:08:35","modified_gmt":"2025-03-08T16:08:35","slug":"sortenvielfalt","status":"publish","type":"product","link":"https:\/\/www.weinbau-birsak.at\/page\/produkt\/sortenvielfalt\/","title":{"rendered":"Sortenvielfalt"},"content":{"rendered":"<p>&#8222;Sie kennen unsere Weine noch nicht? Daf\u00fcr haben f\u00fcr dieses Sortenvielfalt-Paket bestehend aus 6 verschiedenen Weinen unseres Sortiments erstellt. Probieren Sie einen Gelben Muskateller, Riesling, Grauer Burgunder einen Zweigelt Ros\u00e9, sowie einen Blauen Zweigelt und einen Sankt Laurent. Da ist bestimmt f\u00fcr jeden etwas dabei!&#8220;<\/p>\n<p>Das <strong>Sortenvielfaltpaket<\/strong> besteht aus folgenden Weinen:<\/p>\n<p>1 x 2024 | Gelber Muskateller Ried Reipersberg R\u00f6schitz BIO | trocken | Alk. 12,0 % | S\u00e4ure 5,2 \u2030 | 4,2 g \/ l Zucker<\/p>\n<p>1 x 2024 | Riesling Ried Reipersberg R\u00f6schitz BIO | trocken | Alk. 12,5 % | S\u00e4ure 6,1 \u2030 | 5,3 g \/ l Zucker<\/p>\n<p>1 x 2024 | Grauer Burgunder BIO | trocken | Alk. 12,5 % | S\u00e4ure 5,6 \u2030 | 1,1 g \/ l Zucker<\/p>\n<p>1 x 2024 | Zweigelt Ros\u00e9 Ried Hundspoint R\u00f6schitz BIO | trocken | Alk. 12,0 % | S\u00e4ure 5,6 \u2030 | 4,1 g \/ l Zucker<\/p>\n<p>1 x 2023 | Blauer Zweigelt Ried Hundspoint R\u00f6schitz BIO | trocken | Alk. 13,0 % | S\u00e4ure 4,5 \u2030 | 1,4 g \/ l Zucker<\/p>\n<p>1 x 2024 | Sankt Laurent BIO | trocken | Alk. 12,5 % | S\u00e4ure 4,0 \u2030 | 1,9 g \/ l Zucker<\/p>\n","protected":false},"excerpt":{"rendered":"<p>&#8222;Sie kennen unsere Weine noch nicht? Daf\u00fcr haben f\u00fcr dieses Sortenvielfalt-Paket bestehend aus 6 verschiedenen Weinen unseres Sortiments erstellt. Probieren Sie einen Gelben Muskateller, Riesling, Grauer Burgunder einen Zweigelt Ros\u00e9, sowie einen Blauen Zweigelt und einen Sankt Laurent. Da ist bestimmt f\u00fcr jeden etwas dabei!&#8220; Das Sortenvielfaltpaket besteht aus folgenden Weinen: 1 x 2024 | [&hellip;]<\/p>\n","protected":false},"featured_media":745,"template":"","meta":{"_uag_custom_page_level_css":"","site-sidebar-layout":"default","site-content-layout":"","ast-site-content-layout":"default","site-content-style":"default","site-sidebar-style":"default","ast-global-header-display":"","ast-banner-title-visibility":"","ast-main-header-display":"","ast-hfb-above-header-display":"","ast-hfb-below-header-display":"","ast-hfb-mobile-header-display":"","site-post-title":"","ast-breadcrumbs-content":"","ast-featured-img":"","footer-sml-layout":"","ast-disable-related-posts":"","theme-transparent-header-meta":"default","adv-header-id-meta":"","stick-header-meta":"","header-above-stick-meta":"","header-main-stick-meta":"","header-below-stick-meta":"","astra-migrate-meta-layouts":"set","ast-page-background-enabled":"default","ast-page-background-meta":{"desktop":{"background-color":"var(--ast-global-color-4)","background-image":"","background-repeat":"repeat","background-position":"center center","background-size":"auto","background-attachment":"scroll","background-type":"","background-media":"","overlay-type":"","overlay-color":"","overlay-opacity":"","overlay-gradient":""},"tablet":{"background-color":"","background-image":"","background-repeat":"repeat","background-position":"center center","background-size":"auto","background-attachment":"scroll","background-type":"","background-media":"","overlay-type":"","overlay-color":"","overlay-opacity":"","overlay-gradient":""},"mobile":{"background-color":"","background-image":"","background-repeat":"repeat","background-position":"center center","background-size":"auto","background-attachment":"scroll","background-type":"","background-media":"","overlay-type":"","overlay-color":"","overlay-opacity":"","overlay-gradient":""}},"ast-content-background-meta":{"desktop":{"background-color":"var(--ast-global-color-5)","background-image":"","background-repeat":"repeat","background-position":"center center","background-size":"auto","background-attachment":"scroll","background-type":"","background-media":"","overlay-type":"","overlay-color":"","overlay-opacity":"","overlay-gradient":""},"tablet":{"background-color":"var(--ast-global-color-5)","background-image":"","background-repeat":"repeat","background-position":"center center","background-size":"auto","background-attachment":"scroll","background-type":"","background-media":"","overlay-type":"","overlay-color":"","overlay-opacity":"","overlay-gradient":""},"mobile":{"background-color":"var(--ast-global-color-5)","background-image":"","background-repeat":"repeat","background-position":"center center","background-size":"auto","background-attachment":"scroll","background-type":"","background-media":"","overlay-type":"","overlay-color":"","overlay-opacity":"","overlay-gradient":""}}},"product_brand":[],"product_cat":[75],"product_tag":[],"class_list":{"0":"post-755","1":"product","2":"type-product","3":"status-publish","4":"has-post-thumbnail","6":"product_cat-pakete","7":"desktop-align-center","8":"tablet-align-left","9":"mobile-align-left","11":"first","12":"instock","13":"sale","14":"taxable","15":"shipping-taxable","16":"purchasable","17":"product-type-simple"},"aioseo_notices":[],"uagb_featured_image_src":{"full":["https:\/\/www.weinbau-birsak.at\/page\/wp-content\/uploads\/2025\/02\/IMG_6220-scaled.jpeg",2560,1920,false],"thumbnail":["https:\/\/www.weinbau-birsak.at\/page\/wp-content\/uploads\/2025\/02\/IMG_6220-150x150.jpeg",150,150,true],"medium":["https:\/\/www.weinbau-birsak.at\/page\/wp-content\/uploads\/2025\/02\/IMG_6220-300x225.jpeg",300,225,true],"medium_large":["https:\/\/www.weinbau-birsak.at\/page\/wp-content\/uploads\/2025\/02\/IMG_6220-768x576.jpeg",768,576,true],"large":["https:\/\/www.weinbau-birsak.at\/page\/wp-content\/uploads\/2025\/02\/IMG_6220-1024x768.jpeg",1024,768,true],"1536x1536":["https:\/\/www.weinbau-birsak.at\/page\/wp-content\/uploads\/2025\/02\/IMG_6220-1536x1152.jpeg",1536,1152,true],"2048x2048":["https:\/\/www.weinbau-birsak.at\/page\/wp-content\/uploads\/2025\/02\/IMG_6220-2048x1536.jpeg",2048,1536,true],"woocommerce_thumbnail":["https:\/\/www.weinbau-birsak.at\/page\/wp-content\/uploads\/2025\/02\/IMG_6220-300x300.jpeg",300,300,true],"woocommerce_single":["https:\/\/www.weinbau-birsak.at\/page\/wp-content\/uploads\/2025\/02\/IMG_6220-600x450.jpeg",600,450,true],"woocommerce_gallery_thumbnail":["https:\/\/www.weinbau-birsak.at\/page\/wp-content\/uploads\/2025\/02\/IMG_6220-100x100.jpeg",100,100,true]},"uagb_author_info":{"display_name":"admin","author_link":"https:\/\/www.weinbau-birsak.at\/page\/author\/"},"uagb_comment_info":0,"uagb_excerpt":"&#8222;Sie kennen unsere Weine noch nicht? Daf\u00fcr haben f\u00fcr dieses Sortenvielfalt-Paket bestehend aus 6 verschiedenen Weinen unseres Sortiments erstellt. Probieren Sie einen Gelben Muskateller, Riesling, Grauer Burgunder einen Zweigelt Ros\u00e9, sowie einen Blauen Zweigelt und einen Sankt Laurent. Da ist bestimmt f\u00fcr jeden etwas dabei!&#8220; Das Sortenvielfaltpaket besteht aus folgenden Weinen: 1 x 2024 |&hellip;","_links":{"self":[{"href":"https:\/\/www.weinbau-birsak.at\/page\/wp-json\/wp\/v2\/product\/755","targetHints":{"allow":["GET"]}}],"collection":[{"href":"https:\/\/www.weinbau-birsak.at\/page\/wp-json\/wp\/v2\/product"}],"about":[{"href":"https:\/\/www.weinbau-birsak.at\/page\/wp-json\/wp\/v2\/types\/product"}],"wp:featuredmedia":[{"embeddable":true,"href":"https:\/\/www.weinbau-birsak.at\/page\/wp-json\/wp\/v2\/media\/745"}],"wp:attachment":[{"href":"https:\/\/www.weinbau-birsak.at\/page\/wp-json\/wp\/v2\/media?parent=755"}],"wp:term":[{"taxonomy":"product_brand","embeddable":true,"href":"https:\/\/www.weinbau-birsak.at\/page\/wp-json\/wp\/v2\/product_brand?post=755"},{"taxonomy":"product_cat","embeddable":true,"href":"https:\/\/www.weinbau-birsak.at\/page\/wp-json\/wp\/v2\/product_cat?post=755"},{"taxonomy":"product_tag","embeddable":true,"href":"https:\/\/www.weinbau-birsak.at\/page\/wp-json\/wp\/v2\/product_tag?post=755"}],"curies":[{"name":"wp","href":"https:\/\/api.w.org\/{rel}","templated":true}]}}