{"id":751,"date":"2025-02-18T08:02:23","date_gmt":"2025-02-18T07:02:23","guid":{"rendered":"https:\/\/www.weinbau-birsak.at\/page\/?post_type=product&#038;p=751"},"modified":"2025-05-29T12:50:30","modified_gmt":"2025-05-29T10:50:30","slug":"veltlinerpaket","status":"publish","type":"product","link":"https:\/\/www.weinbau-birsak.at\/page\/produkt\/veltlinerpaket\/","title":{"rendered":"Veltlinerpaket"},"content":{"rendered":"<p>&#8222;Wir bebauen etwa 5 Hektar im nieder\u00f6sterreichischen Weinviertel und eine Rebsorte, der unsere ganz besondere Aufmerksamkeit verdient ist der Gr\u00fcne Veltliner. In diesem Paket haben wir Ihnen eine Reihe von Gr\u00fcnen Veltliner zusammengesellt, aus unterschiedlichen Lagen und mit unterschiedlichen Geschm\u00e4cken, damit Sie die wunderbare Vielfalt dieses einzigartigen Weins erleben k\u00f6nnen!&#8220;<\/p>\n<p>Das <strong>Veltlinerpaket<\/strong> besteht aus folgenden Weinen:<\/p>\n<p>1 x 2024 | Weinviertel DAC Klassik BIO | trocken | Alk. 12,0 % | S\u00e4ure 5,6 \u2030 | 1,0 g \/ l Zucker<\/p>\n<p>1 x 2024 | Weinviertel DAC Ried K\u00f6nigsberg R\u00f6schitz BIO | trocken | Alk. 12,5 % | S\u00e4ure 5,9 \u2030 | 1,0 g \/ l Zucker<\/p>\n<p>1 x 2024 | Gr\u00fcner Veltliner Dreim\u00e4derlwein BIO | trocken | Alk. 10,5 % | S\u00e4ure 7,7 \u2030 | 1,0 g \/ l Zucker<\/p>\n<p>1 x 2024 | Gr\u00fcner Veltliner Ried Hinterm Berg BIO | halbtrocken | Alk. 12,5 % | S\u00e4ure 5,7 \u2030 | 11,8 g \/ l Zucker<\/p>\n<p>1 x 2024 | Gr\u00fcner Veltliner Alte Rebe BIO | trocken | Alk. 13,0 % | S\u00e4ure 4,7 \u2030 | 1,1 g \/ l Zucker<\/p>\n<p>1 x 2024 | Weinviertel DAC Reserve BIO | trocken | Alk. 13,0 % | S\u00e4ure 5,3 \u2030 | 4,2 g \/ l Zucker<\/p>\n","protected":false},"excerpt":{"rendered":"<p>&#8222;Wir bebauen etwa 5 Hektar im nieder\u00f6sterreichischen Weinviertel und eine Rebsorte, der unsere ganz besondere Aufmerksamkeit verdient ist der Gr\u00fcne Veltliner. In diesem Paket haben wir Ihnen eine Reihe von Gr\u00fcnen Veltliner zusammengesellt, aus unterschiedlichen Lagen und mit unterschiedlichen Geschm\u00e4cken, damit Sie die wunderbare Vielfalt dieses einzigartigen Weins erleben k\u00f6nnen!&#8220; Das Veltlinerpaket besteht aus folgenden [&hellip;]<\/p>\n","protected":false},"featured_media":753,"template":"","meta":{"_uag_custom_page_level_css":"","site-sidebar-layout":"default","site-content-layout":"","ast-site-content-layout":"default","site-content-style":"default","site-sidebar-style":"default","ast-global-header-display":"","ast-banner-title-visibility":"","ast-main-header-display":"","ast-hfb-above-header-display":"","ast-hfb-below-header-display":"","ast-hfb-mobile-header-display":"","site-post-title":"","ast-breadcrumbs-content":"","ast-featured-img":"","footer-sml-layout":"","ast-disable-related-posts":"","theme-transparent-header-meta":"default","adv-header-id-meta":"","stick-header-meta":"","header-above-stick-meta":"","header-main-stick-meta":"","header-below-stick-meta":"","astra-migrate-meta-layouts":"set","ast-page-background-enabled":"default","ast-page-background-meta":{"desktop":{"background-color":"var(--ast-global-color-4)","background-image":"","background-repeat":"repeat","background-position":"center center","background-size":"auto","background-attachment":"scroll","background-type":"","background-media":"","overlay-type":"","overlay-color":"","overlay-opacity":"","overlay-gradient":""},"tablet":{"background-color":"","background-image":"","background-repeat":"repeat","background-position":"center center","background-size":"auto","background-attachment":"scroll","background-type":"","background-media":"","overlay-type":"","overlay-color":"","overlay-opacity":"","overlay-gradient":""},"mobile":{"background-color":"","background-image":"","background-repeat":"repeat","background-position":"center center","background-size":"auto","background-attachment":"scroll","background-type":"","background-media":"","overlay-type":"","overlay-color":"","overlay-opacity":"","overlay-gradient":""}},"ast-content-background-meta":{"desktop":{"background-color":"var(--ast-global-color-5)","background-image":"","background-repeat":"repeat","background-position":"center center","background-size":"auto","background-attachment":"scroll","background-type":"","background-media":"","overlay-type":"","overlay-color":"","overlay-opacity":"","overlay-gradient":""},"tablet":{"background-color":"var(--ast-global-color-5)","background-image":"","background-repeat":"repeat","background-position":"center center","background-size":"auto","background-attachment":"scroll","background-type":"","background-media":"","overlay-type":"","overlay-color":"","overlay-opacity":"","overlay-gradient":""},"mobile":{"background-color":"var(--ast-global-color-5)","background-image":"","background-repeat":"repeat","background-position":"center center","background-size":"auto","background-attachment":"scroll","background-type":"","background-media":"","overlay-type":"","overlay-color":"","overlay-opacity":"","overlay-gradient":""}}},"product_brand":[],"product_cat":[75],"product_tag":[],"class_list":{"0":"post-751","1":"product","2":"type-product","3":"status-publish","4":"has-post-thumbnail","6":"product_cat-pakete","7":"desktop-align-center","8":"tablet-align-left","9":"mobile-align-left","11":"first","12":"instock","13":"sale","14":"taxable","15":"shipping-taxable","16":"purchasable","17":"product-type-simple"},"aioseo_notices":[],"uagb_featured_image_src":{"full":["https:\/\/www.weinbau-birsak.at\/page\/wp-content\/uploads\/2025\/02\/IMG_6217-scaled.jpeg",2560,1920,false],"thumbnail":["https:\/\/www.weinbau-birsak.at\/page\/wp-content\/uploads\/2025\/02\/IMG_6217-150x150.jpeg",150,150,true],"medium":["https:\/\/www.weinbau-birsak.at\/page\/wp-content\/uploads\/2025\/02\/IMG_6217-300x225.jpeg",300,225,true],"medium_large":["https:\/\/www.weinbau-birsak.at\/page\/wp-content\/uploads\/2025\/02\/IMG_6217-768x576.jpeg",768,576,true],"large":["https:\/\/www.weinbau-birsak.at\/page\/wp-content\/uploads\/2025\/02\/IMG_6217-1024x768.jpeg",1024,768,true],"1536x1536":["https:\/\/www.weinbau-birsak.at\/page\/wp-content\/uploads\/2025\/02\/IMG_6217-1536x1152.jpeg",1536,1152,true],"2048x2048":["https:\/\/www.weinbau-birsak.at\/page\/wp-content\/uploads\/2025\/02\/IMG_6217-2048x1536.jpeg",2048,1536,true],"woocommerce_thumbnail":["https:\/\/www.weinbau-birsak.at\/page\/wp-content\/uploads\/2025\/02\/IMG_6217-300x300.jpeg",300,300,true],"woocommerce_single":["https:\/\/www.weinbau-birsak.at\/page\/wp-content\/uploads\/2025\/02\/IMG_6217-600x450.jpeg",600,450,true],"woocommerce_gallery_thumbnail":["https:\/\/www.weinbau-birsak.at\/page\/wp-content\/uploads\/2025\/02\/IMG_6217-100x100.jpeg",100,100,true]},"uagb_author_info":{"display_name":"admin","author_link":"https:\/\/www.weinbau-birsak.at\/page\/author\/"},"uagb_comment_info":0,"uagb_excerpt":"&#8222;Wir bebauen etwa 5 Hektar im nieder\u00f6sterreichischen Weinviertel und eine Rebsorte, der unsere ganz besondere Aufmerksamkeit verdient ist der Gr\u00fcne Veltliner. In diesem Paket haben wir Ihnen eine Reihe von Gr\u00fcnen Veltliner zusammengesellt, aus unterschiedlichen Lagen und mit unterschiedlichen Geschm\u00e4cken, damit Sie die wunderbare Vielfalt dieses einzigartigen Weins erleben k\u00f6nnen!&#8220; Das Veltlinerpaket besteht aus folgenden&hellip;","_links":{"self":[{"href":"https:\/\/www.weinbau-birsak.at\/page\/wp-json\/wp\/v2\/product\/751","targetHints":{"allow":["GET"]}}],"collection":[{"href":"https:\/\/www.weinbau-birsak.at\/page\/wp-json\/wp\/v2\/product"}],"about":[{"href":"https:\/\/www.weinbau-birsak.at\/page\/wp-json\/wp\/v2\/types\/product"}],"wp:featuredmedia":[{"embeddable":true,"href":"https:\/\/www.weinbau-birsak.at\/page\/wp-json\/wp\/v2\/media\/753"}],"wp:attachment":[{"href":"https:\/\/www.weinbau-birsak.at\/page\/wp-json\/wp\/v2\/media?parent=751"}],"wp:term":[{"taxonomy":"product_brand","embeddable":true,"href":"https:\/\/www.weinbau-birsak.at\/page\/wp-json\/wp\/v2\/product_brand?post=751"},{"taxonomy":"product_cat","embeddable":true,"href":"https:\/\/www.weinbau-birsak.at\/page\/wp-json\/wp\/v2\/product_cat?post=751"},{"taxonomy":"product_tag","embeddable":true,"href":"https:\/\/www.weinbau-birsak.at\/page\/wp-json\/wp\/v2\/product_tag?post=751"}],"curies":[{"name":"wp","href":"https:\/\/api.w.org\/{rel}","templated":true}]}}