{"id":734,"date":"2025-02-09T10:45:34","date_gmt":"2025-02-09T09:45:34","guid":{"rendered":"https:\/\/www.weinbau-birsak.at\/page\/?post_type=product&#038;p=734"},"modified":"2026-03-11T20:55:09","modified_gmt":"2026-03-11T19:55:09","slug":"bio-gruener-veltliner-ried-hinterm-berg-2024","status":"publish","type":"product","link":"https:\/\/www.weinbau-birsak.at\/page\/produkt\/bio-gruener-veltliner-ried-hinterm-berg-2024\/","title":{"rendered":"BIO Gr\u00fcner Veltliner Ried Hinterm Berg R\u00f6schitz 2024"},"content":{"rendered":"<p>Alk. 12,5 % | S\u00e4ure 5,7 \u2030 | 11,8 g \/ l Zucker\u00a0\u00a0\u00a0\u00a0\u00a0 halbtrocken<\/p>\n<p>Farbe: helles Gr\u00fcn-Gelb<\/p>\n<p>Duft: bl\u00fctig, schmeichelnd<\/p>\n<p>Gaumen: feine Birnennote, unterlegt mit Kr\u00e4uterw\u00fcrze, rund und saftig<\/p>\n<p>Passt zu: Spinatkn\u00f6del mit brauner Butter, gebratene H\u00fchnerbrust<\/p>\n<p>&nbsp;<\/p>\n<p>Durchschnittliche N\u00e4hrwertangaben pro 100 ml<\/p>\n<div class=\"nutrition-grid-details-item\">\n<div class=\"nutrition-grid-details-item-label\">Brennwert\u00a0\u00a0 314 kJ \/ 75 kcal<\/div>\n<\/div>\n<div class=\"nutrition-grid-details-item\">\n<div class=\"nutrition-grid-details-item-label\">Kohlenhydrate\u00a0\u00a0 1.98 g<\/div>\n<p>Kohlenhydrate davon Zucker\u00a0\u00a0 1,18<span class=\"subgrid-details-item-value\"> g<\/span><\/p>\n<p>Enth\u00e4lt geringf\u00fcgige Mengen von Fett, ges\u00e4ttigten Fetts\u00e4ure, Eiwei\u00df und Salz<\/p>\n<p><strong>Zutaten<\/strong>:\u00a0 BIO Trauben,\u00a0 BIO konzentrierter Traubenmost,\u00a0 Kohlendioxid<\/p>\n<p><strong>Stabilatoren:\u00a0 <\/strong>Metaweins\u00e4ure<\/p>\n<p><strong>Antioxidantien:<\/strong>\u00a0 Kaliummetabi<strong>sulfit<\/strong><\/p>\n<p>unter Schutzatmosph\u00e4re verpackt<\/p>\n<\/div>\n","protected":false},"excerpt":{"rendered":"<p>Alk. 12,5 % | S\u00e4ure 5,7 \u2030 | 11,8 g \/ l Zucker\u00a0\u00a0\u00a0\u00a0\u00a0 halbtrocken Farbe: helles Gr\u00fcn-Gelb Duft: bl\u00fctig, schmeichelnd Gaumen: feine Birnennote, unterlegt mit Kr\u00e4uterw\u00fcrze, rund und saftig Passt zu: Spinatkn\u00f6del mit brauner Butter, gebratene H\u00fchnerbrust &nbsp; Durchschnittliche N\u00e4hrwertangaben pro 100 ml Brennwert\u00a0\u00a0 314 kJ \/ 75 kcal Kohlenhydrate\u00a0\u00a0 1.98 g Kohlenhydrate davon Zucker\u00a0\u00a0 [&hellip;]<\/p>\n","protected":false},"featured_media":672,"template":"","meta":{"_uag_custom_page_level_css":"","site-sidebar-layout":"default","site-content-layout":"","ast-site-content-layout":"default","site-content-style":"default","site-sidebar-style":"default","ast-global-header-display":"","ast-banner-title-visibility":"","ast-main-header-display":"","ast-hfb-above-header-display":"","ast-hfb-below-header-display":"","ast-hfb-mobile-header-display":"","site-post-title":"","ast-breadcrumbs-content":"","ast-featured-img":"","footer-sml-layout":"","ast-disable-related-posts":"","theme-transparent-header-meta":"default","adv-header-id-meta":"","stick-header-meta":"","header-above-stick-meta":"","header-main-stick-meta":"","header-below-stick-meta":"","astra-migrate-meta-layouts":"set","ast-page-background-enabled":"default","ast-page-background-meta":{"desktop":{"background-color":"var(--ast-global-color-4)","background-image":"","background-repeat":"repeat","background-position":"center center","background-size":"auto","background-attachment":"scroll","background-type":"","background-media":"","overlay-type":"","overlay-color":"","overlay-opacity":"","overlay-gradient":""},"tablet":{"background-color":"","background-image":"","background-repeat":"repeat","background-position":"center center","background-size":"auto","background-attachment":"scroll","background-type":"","background-media":"","overlay-type":"","overlay-color":"","overlay-opacity":"","overlay-gradient":""},"mobile":{"background-color":"","background-image":"","background-repeat":"repeat","background-position":"center center","background-size":"auto","background-attachment":"scroll","background-type":"","background-media":"","overlay-type":"","overlay-color":"","overlay-opacity":"","overlay-gradient":""}},"ast-content-background-meta":{"desktop":{"background-color":"var(--ast-global-color-5)","background-image":"","background-repeat":"repeat","background-position":"center center","background-size":"auto","background-attachment":"scroll","background-type":"","background-media":"","overlay-type":"","overlay-color":"","overlay-opacity":"","overlay-gradient":""},"tablet":{"background-color":"var(--ast-global-color-5)","background-image":"","background-repeat":"repeat","background-position":"center center","background-size":"auto","background-attachment":"scroll","background-type":"","background-media":"","overlay-type":"","overlay-color":"","overlay-opacity":"","overlay-gradient":""},"mobile":{"background-color":"var(--ast-global-color-5)","background-image":"","background-repeat":"repeat","background-position":"center center","background-size":"auto","background-attachment":"scroll","background-type":"","background-media":"","overlay-type":"","overlay-color":"","overlay-opacity":"","overlay-gradient":""}}},"product_brand":[],"product_cat":[18],"product_tag":[],"class_list":{"0":"post-734","1":"product","2":"type-product","3":"status-publish","4":"has-post-thumbnail","6":"product_cat-weine-075-liter-2024","7":"desktop-align-center","8":"tablet-align-left","9":"mobile-align-left","11":"first","12":"instock","13":"sale","14":"taxable","15":"shipping-taxable","16":"purchasable","17":"product-type-simple"},"aioseo_notices":[],"uagb_featured_image_src":{"full":["https:\/\/www.weinbau-birsak.at\/page\/wp-content\/uploads\/2024\/03\/4-Hintern-Berg-1.jpg",1000,1000,false],"thumbnail":["https:\/\/www.weinbau-birsak.at\/page\/wp-content\/uploads\/2024\/03\/4-Hintern-Berg-1-150x150.jpg",150,150,true],"medium":["https:\/\/www.weinbau-birsak.at\/page\/wp-content\/uploads\/2024\/03\/4-Hintern-Berg-1-300x300.jpg",300,300,true],"medium_large":["https:\/\/www.weinbau-birsak.at\/page\/wp-content\/uploads\/2024\/03\/4-Hintern-Berg-1-768x768.jpg",768,768,true],"large":["https:\/\/www.weinbau-birsak.at\/page\/wp-content\/uploads\/2024\/03\/4-Hintern-Berg-1.jpg",1000,1000,false],"1536x1536":["https:\/\/www.weinbau-birsak.at\/page\/wp-content\/uploads\/2024\/03\/4-Hintern-Berg-1.jpg",1000,1000,false],"2048x2048":["https:\/\/www.weinbau-birsak.at\/page\/wp-content\/uploads\/2024\/03\/4-Hintern-Berg-1.jpg",1000,1000,false],"woocommerce_thumbnail":["https:\/\/www.weinbau-birsak.at\/page\/wp-content\/uploads\/2024\/03\/4-Hintern-Berg-1-300x300.jpg",300,300,true],"woocommerce_single":["https:\/\/www.weinbau-birsak.at\/page\/wp-content\/uploads\/2024\/03\/4-Hintern-Berg-1-600x600.jpg",600,600,true],"woocommerce_gallery_thumbnail":["https:\/\/www.weinbau-birsak.at\/page\/wp-content\/uploads\/2024\/03\/4-Hintern-Berg-1-100x100.jpg",100,100,true]},"uagb_author_info":{"display_name":"admin","author_link":"https:\/\/www.weinbau-birsak.at\/page\/author\/"},"uagb_comment_info":0,"uagb_excerpt":"Alk. 12,5 % | S\u00e4ure 5,7 \u2030 | 11,8 g \/ l Zucker\u00a0\u00a0\u00a0\u00a0\u00a0 halbtrocken Farbe: helles Gr\u00fcn-Gelb Duft: bl\u00fctig, schmeichelnd Gaumen: feine Birnennote, unterlegt mit Kr\u00e4uterw\u00fcrze, rund und saftig Passt zu: Spinatkn\u00f6del mit brauner Butter, gebratene H\u00fchnerbrust &nbsp; Durchschnittliche N\u00e4hrwertangaben pro 100 ml Brennwert\u00a0\u00a0 314 kJ \/ 75 kcal Kohlenhydrate\u00a0\u00a0 1.98 g Kohlenhydrate davon Zucker\u00a0\u00a0&hellip;","_links":{"self":[{"href":"https:\/\/www.weinbau-birsak.at\/page\/wp-json\/wp\/v2\/product\/734","targetHints":{"allow":["GET"]}}],"collection":[{"href":"https:\/\/www.weinbau-birsak.at\/page\/wp-json\/wp\/v2\/product"}],"about":[{"href":"https:\/\/www.weinbau-birsak.at\/page\/wp-json\/wp\/v2\/types\/product"}],"wp:featuredmedia":[{"embeddable":true,"href":"https:\/\/www.weinbau-birsak.at\/page\/wp-json\/wp\/v2\/media\/672"}],"wp:attachment":[{"href":"https:\/\/www.weinbau-birsak.at\/page\/wp-json\/wp\/v2\/media?parent=734"}],"wp:term":[{"taxonomy":"product_brand","embeddable":true,"href":"https:\/\/www.weinbau-birsak.at\/page\/wp-json\/wp\/v2\/product_brand?post=734"},{"taxonomy":"product_cat","embeddable":true,"href":"https:\/\/www.weinbau-birsak.at\/page\/wp-json\/wp\/v2\/product_cat?post=734"},{"taxonomy":"product_tag","embeddable":true,"href":"https:\/\/www.weinbau-birsak.at\/page\/wp-json\/wp\/v2\/product_tag?post=734"}],"curies":[{"name":"wp","href":"https:\/\/api.w.org\/{rel}","templated":true}]}}