{"id":495,"date":"2023-11-05T13:30:39","date_gmt":"2023-11-05T12:30:39","guid":{"rendered":"https:\/\/www.weinbau-birsak.at\/page\/?post_type=product&#038;p=495"},"modified":"2026-04-04T16:09:11","modified_gmt":"2026-04-04T14:09:11","slug":"frizzante-viki","status":"publish","type":"product","link":"https:\/\/www.weinbau-birsak.at\/page\/produkt\/frizzante-viki\/","title":{"rendered":"BIO Frizzante \u201eViki\u201c"},"content":{"rendered":"<p>Alk. 13,0 % | S\u00e4ure 4,8 \u2030 | 24,0 g \/ l Zucker\u00a0\u00a0\u00a0\u00a0\u00a0 trocken<\/p>\n<p>&nbsp;<\/p>\n<p>Gl\u00e4nzendes Granatrot<br \/>\nIn der Nase elegant fruchtig nach Kirsche und eingekochten Wildheidelbeeren, charmant spielerisch am Gaumen, die Fruchtigkeit gepaart mit der feinen Perlage macht Lust auf den n\u00e4chsten Schluck!<\/p>\n<p>Fein zur herzhaften Speckjause, zum saftigen Rindfleisch-Burger oder zum Schokodessert!<\/p>\n<p>&nbsp;<\/p>\n<p>Durchschnittliche N\u00e4hrwertangaben pro 100 ml<\/p>\n<div class=\"nutrition-grid-details-item\">\n<div class=\"nutrition-grid-details-item-label\">Brennwert\u00a0\u00a0 328 kJ \/ 78 kcal<\/div>\n<\/div>\n<div class=\"nutrition-grid-details-item\">\n<div class=\"nutrition-grid-details-item-label\">Kohlenhydrate\u00a0\u00a0 3,3 g<\/div>\n<p>Kohlenhydrate davon Zucker\u00a0\u00a0 2,50<span class=\"subgrid-details-item-value\"> g<\/span><\/p>\n<p>Enth\u00e4lt geringf\u00fcgige Mengen von Fett, ges\u00e4ttigten Fetts\u00e4ure, Eiwei\u00df und Salz<\/p>\n<p><strong>Zutaten<\/strong>:\u00a0 BIO Trauben,\u00a0 BIO Zucker,\u00a0 BIO konzentrierter Traubenmost,\u00a0 Kohlendioxid<\/p>\n<p><strong>Stabilatoren:\u00a0 <\/strong>Metaweins\u00e4ure,\u00a0 Gummiarabikum<\/p>\n<p><strong>S\u00e4ureregulatoren:\u00a0 <\/strong>Citronens\u00e4ure<\/p>\n<p><strong>Antioxidantien:<\/strong>\u00a0 Kaliummetabi<strong>sulfit<\/strong><\/p>\n<p>unter Schutzatmosph\u00e4re verpackt<\/p>\n<\/div>\n","protected":false},"excerpt":{"rendered":"<p>Alk. 13,0 % | S\u00e4ure 4,8 \u2030 | 24,0 g \/ l Zucker\u00a0\u00a0\u00a0\u00a0\u00a0 trocken &nbsp; Gl\u00e4nzendes Granatrot In der Nase elegant fruchtig nach Kirsche und eingekochten Wildheidelbeeren, charmant spielerisch am Gaumen, die Fruchtigkeit gepaart mit der feinen Perlage macht Lust auf den n\u00e4chsten Schluck! Fein zur herzhaften Speckjause, zum saftigen Rindfleisch-Burger oder zum Schokodessert! &nbsp; [&hellip;]<\/p>\n","protected":false},"featured_media":804,"template":"","meta":{"_uag_custom_page_level_css":"","site-sidebar-layout":"default","site-content-layout":"","ast-site-content-layout":"default","site-content-style":"default","site-sidebar-style":"default","ast-global-header-display":"","ast-banner-title-visibility":"","ast-main-header-display":"","ast-hfb-above-header-display":"","ast-hfb-below-header-display":"","ast-hfb-mobile-header-display":"","site-post-title":"","ast-breadcrumbs-content":"","ast-featured-img":"","footer-sml-layout":"","ast-disable-related-posts":"","theme-transparent-header-meta":"default","adv-header-id-meta":"","stick-header-meta":"","header-above-stick-meta":"","header-main-stick-meta":"","header-below-stick-meta":"","astra-migrate-meta-layouts":"set","ast-page-background-enabled":"default","ast-page-background-meta":{"desktop":{"background-color":"var(--ast-global-color-4)","background-image":"","background-repeat":"repeat","background-position":"center center","background-size":"auto","background-attachment":"scroll","background-type":"","background-media":"","overlay-type":"","overlay-color":"","overlay-opacity":"","overlay-gradient":""},"tablet":{"background-color":"","background-image":"","background-repeat":"repeat","background-position":"center center","background-size":"auto","background-attachment":"scroll","background-type":"","background-media":"","overlay-type":"","overlay-color":"","overlay-opacity":"","overlay-gradient":""},"mobile":{"background-color":"","background-image":"","background-repeat":"repeat","background-position":"center center","background-size":"auto","background-attachment":"scroll","background-type":"","background-media":"","overlay-type":"","overlay-color":"","overlay-opacity":"","overlay-gradient":""}},"ast-content-background-meta":{"desktop":{"background-color":"var(--ast-global-color-5)","background-image":"","background-repeat":"repeat","background-position":"center center","background-size":"auto","background-attachment":"scroll","background-type":"","background-media":"","overlay-type":"","overlay-color":"","overlay-opacity":"","overlay-gradient":""},"tablet":{"background-color":"var(--ast-global-color-5)","background-image":"","background-repeat":"repeat","background-position":"center center","background-size":"auto","background-attachment":"scroll","background-type":"","background-media":"","overlay-type":"","overlay-color":"","overlay-opacity":"","overlay-gradient":""},"mobile":{"background-color":"var(--ast-global-color-5)","background-image":"","background-repeat":"repeat","background-position":"center center","background-size":"auto","background-attachment":"scroll","background-type":"","background-media":"","overlay-type":"","overlay-color":"","overlay-opacity":"","overlay-gradient":""}}},"product_brand":[],"product_cat":[45],"product_tag":[],"class_list":{"0":"post-495","1":"product","2":"type-product","3":"status-publish","4":"has-post-thumbnail","6":"product_cat-perlweine-075-liter","7":"desktop-align-center","8":"tablet-align-left","9":"mobile-align-left","11":"first","12":"instock","13":"taxable","14":"shipping-taxable","15":"purchasable","16":"product-type-simple"},"aioseo_notices":[],"uagb_featured_image_src":{"full":["https:\/\/www.weinbau-birsak.at\/page\/wp-content\/uploads\/2023\/11\/Frizzante-Viki.jpg",349,354,false],"thumbnail":["https:\/\/www.weinbau-birsak.at\/page\/wp-content\/uploads\/2023\/11\/Frizzante-Viki-150x150.jpg",150,150,true],"medium":["https:\/\/www.weinbau-birsak.at\/page\/wp-content\/uploads\/2023\/11\/Frizzante-Viki-296x300.jpg",296,300,true],"medium_large":["https:\/\/www.weinbau-birsak.at\/page\/wp-content\/uploads\/2023\/11\/Frizzante-Viki.jpg",349,354,false],"large":["https:\/\/www.weinbau-birsak.at\/page\/wp-content\/uploads\/2023\/11\/Frizzante-Viki.jpg",349,354,false],"1536x1536":["https:\/\/www.weinbau-birsak.at\/page\/wp-content\/uploads\/2023\/11\/Frizzante-Viki.jpg",349,354,false],"2048x2048":["https:\/\/www.weinbau-birsak.at\/page\/wp-content\/uploads\/2023\/11\/Frizzante-Viki.jpg",349,354,false],"woocommerce_thumbnail":["https:\/\/www.weinbau-birsak.at\/page\/wp-content\/uploads\/2023\/11\/Frizzante-Viki-300x300.jpg",300,300,true],"woocommerce_single":["https:\/\/www.weinbau-birsak.at\/page\/wp-content\/uploads\/2023\/11\/Frizzante-Viki.jpg",349,354,false],"woocommerce_gallery_thumbnail":["https:\/\/www.weinbau-birsak.at\/page\/wp-content\/uploads\/2023\/11\/Frizzante-Viki-100x100.jpg",100,100,true]},"uagb_author_info":{"display_name":"admin","author_link":"https:\/\/www.weinbau-birsak.at\/page\/author\/"},"uagb_comment_info":0,"uagb_excerpt":"Alk. 13,0 % | S\u00e4ure 4,8 \u2030 | 24,0 g \/ l Zucker\u00a0\u00a0\u00a0\u00a0\u00a0 trocken &nbsp; Gl\u00e4nzendes Granatrot In der Nase elegant fruchtig nach Kirsche und eingekochten Wildheidelbeeren, charmant spielerisch am Gaumen, die Fruchtigkeit gepaart mit der feinen Perlage macht Lust auf den n\u00e4chsten Schluck! Fein zur herzhaften Speckjause, zum saftigen Rindfleisch-Burger oder zum Schokodessert! &nbsp;&hellip;","_links":{"self":[{"href":"https:\/\/www.weinbau-birsak.at\/page\/wp-json\/wp\/v2\/product\/495","targetHints":{"allow":["GET"]}}],"collection":[{"href":"https:\/\/www.weinbau-birsak.at\/page\/wp-json\/wp\/v2\/product"}],"about":[{"href":"https:\/\/www.weinbau-birsak.at\/page\/wp-json\/wp\/v2\/types\/product"}],"wp:featuredmedia":[{"embeddable":true,"href":"https:\/\/www.weinbau-birsak.at\/page\/wp-json\/wp\/v2\/media\/804"}],"wp:attachment":[{"href":"https:\/\/www.weinbau-birsak.at\/page\/wp-json\/wp\/v2\/media?parent=495"}],"wp:term":[{"taxonomy":"product_brand","embeddable":true,"href":"https:\/\/www.weinbau-birsak.at\/page\/wp-json\/wp\/v2\/product_brand?post=495"},{"taxonomy":"product_cat","embeddable":true,"href":"https:\/\/www.weinbau-birsak.at\/page\/wp-json\/wp\/v2\/product_cat?post=495"},{"taxonomy":"product_tag","embeddable":true,"href":"https:\/\/www.weinbau-birsak.at\/page\/wp-json\/wp\/v2\/product_tag?post=495"}],"curies":[{"name":"wp","href":"https:\/\/api.w.org\/{rel}","templated":true}]}}