{"id":383,"date":"2023-09-18T01:25:00","date_gmt":"2023-09-17T23:25:00","guid":{"rendered":"https:\/\/www.weinbau-birsak.at\/page\/?page_id=383"},"modified":"2023-11-05T15:04:34","modified_gmt":"2023-11-05T14:04:34","slug":"agb","status":"publish","type":"page","link":"https:\/\/www.weinbau-birsak.at\/page\/agb\/","title":{"rendered":"AGB"},"content":{"rendered":"\n<p>\u00a7 1 Betreiber des Produktkataloges und Geltung dieser AGBs<br><br>1. Diese AGB gelten f\u00fcr Weinbau Birsak in Granitz 5, 3743 R\u00f6schitz (eingetragen unter der Betriebsnummer 1555634 mit Gerichtsstand Horn.<br>2. F\u00fcr den Online-Verkauf von Waren durch uns \u00fcber diese Website gelten ausschlie\u00dflich diese Allgemeinen Gesch\u00e4ftsbedingungen. Andere Gesch\u00e4ftsbedingungen, insbesondere Gesch\u00e4ftsbedingungen von Kunden, gelten nur, wenn sie von uns anerkannt worden sind. Ohne die Zustimmung seitens des Kunden zu diesen Allgemeinen Gesch\u00e4ftsbedingungen ist ein Kauf leider nicht m\u00f6glich. Diese Zustimmung wird bei uns ausdr\u00fccklich bei jeder Online-Bestellung vom Kunden erbeten.<br>3. Wir verkaufen unsere Waren ausschlie\u00dflich an Verbraucher und nur in handels\u00fcblichen Mengen. Alle Angaben zu Waren und Preisen sind freibleibend und unverbindlich.<br>4. Deutsch ist ausschlie\u00dfliche Vertragssprache.<br>5. Der Verkauf erfolgt innerhalb \u00d6sterreichs und Deutschlands. Die Rechnungsadresse muss sich daher in \u00d6sterreich oder Deutschland befinden.<br><br>\u00a7 2 Vertragsschluss<br><br>1. Sie k\u00f6nnen im Rahmen des Produktkataloges einzelne Waren aus dem Angebot ausw\u00e4hlen und durch Anklicken des Hinweises (Buttons) &#8222;in den Warenkorb&#8220; in einem elektronischen Warenkorb sammeln. Eine f\u00fcr Sie verbindliche Bestellung kommt erst zustande, wenn Sie s\u00e4mtliche f\u00fcr die Vertragsdurchf\u00fchrung erforderlichen Daten eingegeben, die Kenntnisnahme von diesen Allgemeinen Gesch\u00e4ftsbedingungen best\u00e4tigt und den Button &#8222;zahlungspflichtig Bestellen&#8220; angeklickt haben. Bis zum Anklicken dieses Buttons k\u00f6nnen Sie Ihre Bestellung und die zu Ihrer Bestellung angegebenen Daten jederzeit \u00e4ndern und berichtigen.<br>Im Rahmen des Produktkataloges k\u00f6nnen nur Bestellungen unter Verwendung des vorgegebenen Systems ber\u00fccksichtigt werden. Andere Bestellungen (wie etwa Bestellungen via E-Mails, Telefon) k\u00f6nnen von uns leider nicht ber\u00fccksichtigt werden.<br>2. Nach Abgabe Ihrer Bestellung erhalten Sie eine automatisch erzeugte Empfangsbest\u00e4tigung zu Ihrer Bestellung per E-Mail. In dieser Empfangsbest\u00e4tigung sind die Daten Ihrer Bestellung sowie diese Allgemeinen Gesch\u00e4ftsbedingungen noch einmal aufgef\u00fchrt. Soweit Sie nicht bereits im Rahmen des Bestellvorgangs die Daten Ihrer Bestellung und diese Allgemeinen Gesch\u00e4ftsbedingungen ausgedruckt und\/oder anderweitig gespeichert haben, raten wir Ihnen dazu, diese E-Mail auszudrucken und abzuspeichern. Unsererseits erfolgt keine Speicherung. Durch die Empfangsbest\u00e4tigung kommt kein Kaufvertrag zustande; die Empfangsbest\u00e4tigung dokumentiert lediglich, dass Ihre Bestellung bei uns eingegangen ist.<br>3. Wir behalten uns die Annahme Ihrer Bestellung vor; zum Abschluss eines Vertrags aufgrund Ihrer Bestellung sind wir nicht verpflichtet. Ihre Bestellung nehmen wir erst durch Bereitstellung der bestellten Ware zur Abholung an. Sie erhalten hierzu eine Benachrichtigung durch eine gesonderte E-Mail. Bestellungen von Minderj\u00e4hrigen unter 18 Jahren nehmen wir nicht an.<br>4. Der Mindestlieferwert betr\u00e4gt 10 \u20ac, d.h. Bestellungen unter diesem Wert k\u00f6nnen wir leider nicht ausf\u00fchren.<br>5. Umfasst eine Bestellung Alkohol- oder Tabakwaren, so best\u00e4tigt der Kunde mit Absenden der Bestellung, dass er das zum Erwerb gesetzlich erforderliche Mindestalter erreicht hat. Der Kunde verpflichtet sich daf\u00fcr Sorge zu tragen, dass nur er selbst oder eine von ihm bevollm\u00e4chtigte, vollj\u00e4hrige Person die Ware entgegen nimmt.<br><br>\u00a7 3 Verf\u00fcgbarkeit und Versand von Waren<br><br>1. Ist eine oder sind mehrere der von Ihnen bestellten Waren zum Zeitpunkt Ihrer Bestellung nicht mehr lieferbar, k\u00f6nnen wir Ihre Bestellung leider nicht vollst\u00e4ndig erf\u00fcllen. Wir behalten uns die Wahl vor, die Bestellung in einem solchen Fall teilweise auszuf\u00fchren oder vollst\u00e4ndig zur\u00fcckzuweisen. Dar\u00fcber werden wir Sie dann unverz\u00fcglich per E-Mail informieren.<br>2. Ist die von Ihnen bestellte Ware oder sind die von Ihnen bestellten Waren verf\u00fcgbar, betr\u00e4gt die Zeit bis zum Versand bei normalem Gesch\u00e4ftsgang 1 bis 3 Werktage nach Eingang Ihrer Bestellung.<br>3. Der Versand erfolgt \u00fcber einen von uns bestimmten Dienstleister (z.B. DPD).<br>4. Die Versandkosten werden automatisch im Shop anhand der Versandadresse ermittelt.<br><br>\u00a7 4 Preis<br><br>1. Alle Preise, die f\u00fcr Waren im Shop angegeben sind, enthalten die jeweils g\u00fcltige gesetzliche Umsatzsteuer.<br><br>\u00a7 5 Zahlungsmodalit\u00e4ten<br><br>1. Sie k\u00f6nnen bei der Bezahlung zwischen verschiedenen Zahlungsarten w\u00e4hlen:<\/p>\n\n\n\n<ul class=\"wp-block-list\">\n<li>Zahlung per Rechnung<\/li>\n\n\n\n<li>Zahlung per Vorauskasse<\/li>\n\n\n\n<li>Zahlung per Kreditkarte (Visa, MasterCard, American Express)<\/li>\n<\/ul>\n\n\n\n<p>2. Bitte beachten Sie, dass aufgrund Ihrer mit Kreditinstituten oder anderen Institutionen geschlossenen Vereinbarungen zus\u00e4tzliche Kosten f\u00fcr \u00dcberweisungen, Kontof\u00fchrung, etc. f\u00fcr Sie entstehen k\u00f6nnen.<br>3. Wir behalten uns vor, die Nutzung der oben genannten Zahlungsarten individuell auf die Nutzung einer oder mehrerer Zahlungsarten zu beschr\u00e4nken.<br>4. F\u00fcr jede Mahnung erheben wir eine Pauschale von \u20ac 10,00; es bleibt Ihnen unbenommen nachzuweisen, dass dem Shopbetreiber niedrigere oder gar keine Aufwendungen f\u00fcr die Mahnung entstanden sind. Weitergehende Anspr\u00fcche, insbesondere Schadenersatzanspr\u00fcche und Anspr\u00fcche auf Verzugszinsen, bleiben unber\u00fchrt.<br>5. Die Belastung Ihres Kreditkartenkontos erfolgt mit Abschluss der Bestellung.<br><br>\u00a7 6 Eigentumsvorbehalt<br><br>Bis zur vollst\u00e4ndigen Bezahlung des Kaufpreises und aller damit verbundenen Kosten und Spesen bleiben die gelieferten Waren unser Eigentum. Im Fall des auch nur teilweisen Zahlungsverzuges sind wir berechtigt, unsere Rechte aus dem Eigentumsvorbehalt geltend zu machen.<br><br>\u00a7 7 Gew\u00e4hrleistung und Schadenersatz<br><br>1. Es gelten die gesetzlichen Gew\u00e4hrleistungsbestimmungen. S\u00e4mtliche Angaben zu den Waren sind Beschaffenheitsangaben und keine Garantien.<br>2. Auf Schadenersatz haften wir f\u00fcr vors\u00e4tzliches und grob fahrl\u00e4ssiges Verhalten unserer Organe und Erf\u00fcllungsgehilfen sowie ohne R\u00fccksicht auf den Grad des Verschuldens f\u00fcr Sch\u00e4den aus der Verletzung des Lebens, des K\u00f6rpers oder der Gesundheit. F\u00fcr eventuelle auf leichter Fahrl\u00e4ssigkeit beruhende Fehler in unseren Werbemitteln und Datenfehler in unserem Produktkatalog \u00fcbernehmen wir keine Haftung.<br>3. Anspr\u00fcche nach dem Produkthaftungsgesetz bleiben unber\u00fchrt.<br><br>\u00a7 8 Urheberrecht und Markenzeichen<br><br>Die von uns betriebene Web-Site sowie deren gesamter Inhalt, insbesondere Texte, Fotos, Bilder, Grafiken, Drucke, Textildesigns, Filme, Pr\u00e4sentationen, Ger\u00e4usche, Illustrationen und etwaige Software sowie alle Marken- und\/oder Geschmacksmuster sind s\u00e4mtlich durch gewerbliche Schutzrechte, insbesondere Urheberrechte, Namens- und Bildrechte, Marken und\/oder eingetragene bzw. nicht eingetragene Geschmacksmusterrechte gegen unberechtigte Nutzung gesch\u00fctzt. Jede Nutzung au\u00dferhalb des Aussuchens und des Kaufs einer Ware bedarf der vorherigen schriftlichen Zustimmung unsererseits oder, wenn die jeweiligen Rechte nicht bei uns liegen, von Seiten des Rechteinhabers.<br><br>\u00a7 9 Anwendbares Recht<br><br>Es gilt das materielle \u00f6sterreichische Recht unter Ausschluss der Verweisungsnormen des internationalen Privatrechts sowie unter Ausschluss des UN-\u00dcbereinkommens \u00fcber den Internationalen Warenkauf (CISG).<br><br>\u00a7 10 Hinweis auf Telefonkosten<br><br>Telefonkosten ergeben sich f\u00fcr Sie bei telefonischem Kontakt oder Kontakt per Telefax gem\u00e4\u00df Ihres Telefonvertrags, dar\u00fcber hinaus entstehen Ihnen keine weiteren Kosten.<\/p>\n","protected":false},"excerpt":{"rendered":"<p>\u00a7 1 Betreiber des Produktkataloges und Geltung dieser AGBs 1. Diese AGB gelten f\u00fcr Weinbau Birsak in Granitz 5, 3743 R\u00f6schitz (eingetragen unter der Betriebsnummer 1555634 mit Gerichtsstand Horn.2. F\u00fcr den Online-Verkauf von Waren durch uns \u00fcber diese Website gelten ausschlie\u00dflich diese Allgemeinen Gesch\u00e4ftsbedingungen. Andere Gesch\u00e4ftsbedingungen, insbesondere Gesch\u00e4ftsbedingungen von Kunden, gelten nur, wenn sie von [&hellip;]<\/p>\n","protected":false},"author":1,"featured_media":0,"parent":0,"menu_order":0,"comment_status":"closed","ping_status":"closed","template":"","meta":{"_uag_custom_page_level_css":"","site-sidebar-layout":"default","site-content-layout":"","ast-site-content-layout":"default","site-content-style":"default","site-sidebar-style":"default","ast-global-header-display":"","ast-banner-title-visibility":"","ast-main-header-display":"","ast-hfb-above-header-display":"","ast-hfb-below-header-display":"","ast-hfb-mobile-header-display":"","site-post-title":"","ast-breadcrumbs-content":"","ast-featured-img":"","footer-sml-layout":"","ast-disable-related-posts":"","theme-transparent-header-meta":"","adv-header-id-meta":"","stick-header-meta":"","header-above-stick-meta":"","header-main-stick-meta":"","header-below-stick-meta":"","astra-migrate-meta-layouts":"default","ast-page-background-enabled":"default","ast-page-background-meta":{"desktop":{"background-color":"var(--ast-global-color-4)","background-image":"","background-repeat":"repeat","background-position":"center center","background-size":"auto","background-attachment":"scroll","background-type":"","background-media":"","overlay-type":"","overlay-color":"","overlay-opacity":"","overlay-gradient":""},"tablet":{"background-color":"","background-image":"","background-repeat":"repeat","background-position":"center center","background-size":"auto","background-attachment":"scroll","background-type":"","background-media":"","overlay-type":"","overlay-color":"","overlay-opacity":"","overlay-gradient":""},"mobile":{"background-color":"","background-image":"","background-repeat":"repeat","background-position":"center center","background-size":"auto","background-attachment":"scroll","background-type":"","background-media":"","overlay-type":"","overlay-color":"","overlay-opacity":"","overlay-gradient":""}},"ast-content-background-meta":{"desktop":{"background-color":"var(--ast-global-color-5)","background-image":"","background-repeat":"repeat","background-position":"center center","background-size":"auto","background-attachment":"scroll","background-type":"","background-media":"","overlay-type":"","overlay-color":"","overlay-opacity":"","overlay-gradient":""},"tablet":{"background-color":"var(--ast-global-color-5)","background-image":"","background-repeat":"repeat","background-position":"center center","background-size":"auto","background-attachment":"scroll","background-type":"","background-media":"","overlay-type":"","overlay-color":"","overlay-opacity":"","overlay-gradient":""},"mobile":{"background-color":"var(--ast-global-color-5)","background-image":"","background-repeat":"repeat","background-position":"center center","background-size":"auto","background-attachment":"scroll","background-type":"","background-media":"","overlay-type":"","overlay-color":"","overlay-opacity":"","overlay-gradient":""}},"footnotes":""},"class_list":["post-383","page","type-page","status-publish","hentry"],"aioseo_notices":[],"uagb_featured_image_src":{"full":false,"thumbnail":false,"medium":false,"medium_large":false,"large":false,"1536x1536":false,"2048x2048":false,"woocommerce_thumbnail":false,"woocommerce_single":false,"woocommerce_gallery_thumbnail":false},"uagb_author_info":{"display_name":"admin","author_link":"https:\/\/www.weinbau-birsak.at\/page\/author\/admin\/"},"uagb_comment_info":0,"uagb_excerpt":"\u00a7 1 Betreiber des Produktkataloges und Geltung dieser AGBs 1. Diese AGB gelten f\u00fcr Weinbau Birsak in Granitz 5, 3743 R\u00f6schitz (eingetragen unter der Betriebsnummer 1555634 mit Gerichtsstand Horn.2. F\u00fcr den Online-Verkauf von Waren durch uns \u00fcber diese Website gelten ausschlie\u00dflich diese Allgemeinen Gesch\u00e4ftsbedingungen. Andere Gesch\u00e4ftsbedingungen, insbesondere Gesch\u00e4ftsbedingungen von Kunden, gelten nur, wenn sie von&hellip;","_links":{"self":[{"href":"https:\/\/www.weinbau-birsak.at\/page\/wp-json\/wp\/v2\/pages\/383","targetHints":{"allow":["GET"]}}],"collection":[{"href":"https:\/\/www.weinbau-birsak.at\/page\/wp-json\/wp\/v2\/pages"}],"about":[{"href":"https:\/\/www.weinbau-birsak.at\/page\/wp-json\/wp\/v2\/types\/page"}],"author":[{"embeddable":true,"href":"https:\/\/www.weinbau-birsak.at\/page\/wp-json\/wp\/v2\/users\/1"}],"replies":[{"embeddable":true,"href":"https:\/\/www.weinbau-birsak.at\/page\/wp-json\/wp\/v2\/comments?post=383"}],"version-history":[{"count":0,"href":"https:\/\/www.weinbau-birsak.at\/page\/wp-json\/wp\/v2\/pages\/383\/revisions"}],"wp:attachment":[{"href":"https:\/\/www.weinbau-birsak.at\/page\/wp-json\/wp\/v2\/media?parent=383"}],"curies":[{"name":"wp","href":"https:\/\/api.w.org\/{rel}","templated":true}]}}